{"id":5568,"date":"2018-11-05T22:21:36","date_gmt":"2018-11-05T22:21:36","guid":{"rendered":"https:\/\/unkrautmarkt.com\/?post_type=product&#038;p=5568"},"modified":"2026-03-12T06:25:17","modified_gmt":"2026-03-12T06:25:17","slug":"banana-kush","status":"publish","type":"product","link":"https:\/\/unkrautmarkt.com\/cs\/product\/banana-kush\/","title":{"rendered":"Banana Kush"},"content":{"rendered":"<h2 style=\"text-align: justify;\">Banana Kush Strain online<\/h2>\n<p style=\"text-align: justify;\">Kmen Banana Kush je nov\u00fd kmen, kter\u00fd byl vyd\u00e1n p\u0159ed n\u011bkolika m\u011bs\u00edci. Tento kmen je st\u00e1le obl\u00edben\u011bj\u0161\u00ed a mnoz\u00ed si ho obl\u00edbili.<\/p>\n<p style=\"text-align: justify;\">Jedn\u00e1 se o kmen s m\u00edrnou p\u0159evahou sativy (60 % sativy\/40 % indiky). N\u00e1zev v\u00e1m napov\u00edd\u00e1, proto\u017ee<\/p>\n<p style=\"text-align: justify;\">jeho ovocn\u00e1 a dezertn\u00ed v\u016fn\u011b a chu\u0165 jsou opravdov\u00fdm pot\u011b\u0161en\u00edm pro smysly. Banana Kush v\u00e1m dod\u00e1 chu\u0165ov\u00e9 poh\u00e1rky a unese v\u00e1s do relaxace, kterou si zaslou\u017e\u00edte. Kupte si Banana Kush Europe, Banana Kush weed, obsah THC v Banana Kush. <a href=\"https:\/\/unkrautmarkt.com\/cs\/product\/banana-kush\/\"><strong>Banana Kush Strain online<\/strong><\/a><\/p>\n<h3 style=\"text-align: justify;\">Vzhled<\/h3>\n<p style=\"text-align: justify;\">Tento kmen z\u016fst\u00e1v\u00e1 v\u011brn\u00fd sv\u00e9mu d\u011bdictv\u00ed a je zn\u00e1m\u00fd sv\u00fdm ovocn\u00fdm a dezertn\u00edm aroma. A\u010dkoli Banana Kush m\u00e1 hustou strukturu. Je reprezentativn\u00ed pro svou rodi\u010dovskou linii a z\u00e1rove\u0148 m\u00e1 vlastn\u00ed v\u016fni. Tak\u017ee, koupit Banana Weed online, koupit Banana Kush N\u011bmecko, objednat Banana Kush online Rakousko, koupit Banana Strain \u0160v\u00fdcarsko.<\/p>\n<h3 style=\"text-align: justify;\">\u00da\u010dinky p\u0159\u00edpravku Banana Kush<\/h3>\n<p style=\"text-align: justify;\">Jej\u00ed sv\u016fdn\u00e1 chu\u0165 je zalo\u017eena na jablk\u00e1ch a n\u00e1dechu ovocn\u00e9, sladk\u00e9 a bonb\u00f3nov\u00e9 chuti. Ur\u010dit\u011b v\u00e1m poskytne siln\u00e9 opojen\u00ed, kter\u00e9 uvoln\u00ed ka\u017ed\u00fd kousek va\u0161ich sval\u016f. Tak rad\u011bji konzumujte tuto tr\u00e1vu<\/p>\n<p style=\"text-align: justify;\">ve dnech leno\u0161en\u00ed a po n\u00e1ro\u010dn\u00e9m dni. M\u016f\u017ee v\u00e1s to dokonce uv\u00e9st do stavu, kdy budete le\u017eet na gau\u010di. Proto m\u016f\u017eete hledat ban\u00e1novou tr\u00e1vu na prodej v N\u011bmecku. Dal\u0161\u00ed informace o tomto kmeni. Lid\u00e9 se tak\u00e9 \u010dasto ptaj\u00ed, zda je Banana Kush sativa nebo indica.<\/p>\n<h3 style=\"text-align: justify;\">Zdravotn\u00ed v\u00fdhody<\/h3>\n<p style=\"text-align: justify;\">Z l\u00e9ka\u0159sk\u00e9ho hlediska je zn\u00e1mo, \u017ee Banana Kush pom\u00e1h\u00e1 \u0159e\u0161it intenzivn\u00ed probl\u00e9my se sp\u00e1nkem. Banana Kush je tak\u00e9 zn\u00e1m\u00fd jako velmi u\u017eite\u010dn\u00fd p\u0159i l\u00e9\u010db\u011b deprese. Deprese je pom\u011brn\u011b \u010dast\u00e1, ani\u017e by o n\u00ed v\u011bt\u0161ina lid\u00ed v\u011bd\u011bla. Proto mohou tento kmen Banana Kush rozpoznat pouze odborn\u00edci. Krom\u011b toho je Banana Kush zn\u00e1m\u00e1 jako dokonal\u00fd l\u00e9k na rakovinu a mnoho dal\u0161\u00edch nemoc\u00ed. Koupit Banana Kush v Rakousku.<\/p>\n<p style=\"text-align: justify;\">B\u011b\u017en\u00e9 vyhled\u00e1vac\u00ed term\u00edny pro tento kmen jsou Banana Strain Review, Buy Banana Kush for sale Europe, Banana weed for sale. M\u016f\u017eete tak\u00e9 hledat Banana Kush prodej \u0160v\u00fdcarsko, Banana Kush prodej N\u011bmecko, Banana Kush prodej Rakousko.<\/p>\n<h3>Pro\u010d byste si m\u011bli koupit Banana Kush online od n\u00e1s?<\/h3>\n<p>Jako p\u0159edn\u00ed online prodejce konop\u00ed klademe nejvy\u0161\u0161\u00ed d\u016fraz na bezkonkuren\u010dn\u00ed kvalitu, absolutn\u00ed diskr\u00e9tnost a vynikaj\u00edc\u00ed z\u00e1kaznick\u00fd servis. Pokud... <a href=\"https:\/\/en.wikipedia.org\/wiki\/Kush_(cannabis)\" rel=\"nofollow noopener\" target=\"_blank\"><strong>Objednejte si Banana Kush online u n\u00e1s<\/strong><\/a>, garantujeme v\u00e1m:<\/p>\n<p><strong>Pr\u00e9miov\u00e1 kvalita:<\/strong> Na\u0161e odr\u016fdy z\u00edsk\u00e1v\u00e1me od uzn\u00e1van\u00fdch producent\u016f, tak\u017ee dostanete pouze to nejlep\u0161\u00ed, laboratorn\u011b testovan\u00e9 konop\u00ed.<br \/>\n<strong>Diskr\u00e9tn\u00ed doprava:<\/strong> Va\u0161e objedn\u00e1vka bude zabalena a odesl\u00e1na s maxim\u00e1ln\u00ed diskr\u00e9tnost\u00ed a bezpe\u010dnost\u00ed \u2013 po cel\u00e9m sv\u011bt\u011b.<br \/>\nKrom\u011b Banana Kush u n\u00e1s najdete tak\u00e9 \u0161irok\u00fd v\u00fdb\u011br odr\u016fd konop\u00ed, jedl\u00fdch produkt\u016f, koncentr\u00e1t\u016f a dopl\u0148k\u016f.<br \/>\n<strong>Slu\u017eby z\u00e1kazn\u00edk\u016fm:<\/strong> Na\u0161i kompetentn\u00ed pracovn\u00edci v\u00e1m r\u00e1di zodpov\u00ed va\u0161e dotazy a provedou v\u00e1s cel\u00fdm procesem objedn\u00e1vky.<\/p>\n<p><strong>* Pohodl\u00ed:<\/strong> Objednejte si vysoce kvalitn\u00ed konop\u00ed z pohodl\u00ed domova a vyhn\u011bte se front\u00e1m.<\/p>\n<p>Nenechte si uj\u00edt p\u0159\u00edle\u017eitost za\u017e\u00edt osv\u011b\u017euj\u00edc\u00ed a aromatick\u00e9 \u00fa\u010dinky Banana Kush. <strong>Chcete koupit Banana Kush online?<\/strong>Ujist\u011bte se, \u017ee najdete renomovan\u00e9ho dodavatele. Objednejte si je\u0161t\u011b dnes a p\u0159esv\u011bd\u010dte se sami pro\u010d. <a href=\"https:\/\/unkrautmarkt.com\/cs\/\"><strong>unkrautmark.com<\/strong><\/a> Jsme tou nejlep\u0161\u00ed volbou pro pr\u00e9miov\u00e9 konop\u00ed. Nab\u00edz\u00edme na\u0161im z\u00e1kazn\u00edk\u016fm po cel\u00e9m sv\u011bt\u011b bezpe\u010dn\u00fd, spolehliv\u00fd a p\u0159\u00edjemn\u00fd zp\u016fsob n\u00e1kupu konop\u00ed online.<\/p>","protected":false},"excerpt":{"rendered":"<p>For Wholesale please contact us at<br \/>\nWickr ID: @williamspro<br \/>\nor via Whatsapp<br \/>\n<img decoding=\"async\" class=\"size-full wp-image-10162 alignleft\" src=\"https:\/\/ograsmarknad.com\/wp-content\/uploads\/2021\/11\/trust.jpg\" alt=\"Trust German\" width=\"300\" height=\"129\" \/><\/p>","protected":false},"featured_media":7793,"comment_status":"open","ping_status":"closed","template":"","meta":{"_joinchat":[]},"product_cat":[307],"product_tag":[],"_links":{"self":[{"href":"https:\/\/unkrautmarkt.com\/cs\/wp-json\/wp\/v2\/product\/5568"}],"collection":[{"href":"https:\/\/unkrautmarkt.com\/cs\/wp-json\/wp\/v2\/product"}],"about":[{"href":"https:\/\/unkrautmarkt.com\/cs\/wp-json\/wp\/v2\/types\/product"}],"replies":[{"embeddable":true,"href":"https:\/\/unkrautmarkt.com\/cs\/wp-json\/wp\/v2\/comments?post=5568"}],"wp:featuredmedia":[{"embeddable":true,"href":"https:\/\/unkrautmarkt.com\/cs\/wp-json\/wp\/v2\/media\/7793"}],"wp:attachment":[{"href":"https:\/\/unkrautmarkt.com\/cs\/wp-json\/wp\/v2\/media?parent=5568"}],"wp:term":[{"taxonomy":"product_cat","embeddable":true,"href":"https:\/\/unkrautmarkt.com\/cs\/wp-json\/wp\/v2\/product_cat?post=5568"},{"taxonomy":"product_tag","embeddable":true,"href":"https:\/\/unkrautmarkt.com\/cs\/wp-json\/wp\/v2\/product_tag?post=5568"}],"curies":[{"name":"wp","href":"https:\/\/api.w.org\/{rel}","templated":true}]}}