{"id":7877,"date":"2021-10-29T07:47:49","date_gmt":"2021-10-29T07:47:49","guid":{"rendered":"https:\/\/unkrautmarkt.com\/?page_id=7877"},"modified":"2021-10-30T07:57:41","modified_gmt":"2021-10-30T07:57:41","slug":"uber-uns","status":"publish","type":"page","link":"https:\/\/unkrautmarkt.com\/cs\/uber-uns\/","title":{"rendered":"O n\u00e1s"},"content":{"rendered":"<section class=\"wpb-content-wrapper\"><div class=\"vc_row wpb_row vc_row-fluid\"><div class=\"wpb_column vc_column_container vc_col-sm-12\"><div class=\"vc_column-inner\"><div class=\"wpb_wrapper\"><div class=\"heading  theme-icon align-left color-black subcolor-main transform-default ltx-theme-header icon-type-default heading-tag-h4\" id=\"like_sc_header_1749082083\"><h4 class=\"header ltx-sr-id-like_sc_header_1749082083373228551 ltx-sr ltx-sr-effect-fade_in ltx-sr-el-block ltx-sr-delay-0 ltx-sr-duration-1000 ltx-sr-sequences-0\">O n\u00e1s<\/h4><\/div>\n\t<div class=\"wpb_text_column wpb_content_element\" >\n\t\t<div class=\"wpb_wrapper\">\n\t\t\t<p style=\"text-align: center;\">Pot\u00e9, co v roce 2015 zjistila, jak obt\u00ed\u017en\u00e9 je koupit tr\u00e1vu online, za\u010dala spole\u010dnost Weed Market sn\u00edt o tom, \u017ee milovn\u00edk\u016fm marihuany p\u0159ibl\u00ed\u017e\u00ed marihuanu a jej\u00ed produkty. Dnes jsme zn\u00e1m\u00ed jako nejlep\u0161\u00ed online v\u00fddejna, kter\u00e9 m\u016f\u017eete d\u016fv\u011b\u0159ovat, a hrajeme vedouc\u00ed roli v prodeji marihuany, konop\u00ed a konopn\u00fdch produkt\u016f online. Weed Market slou\u017e\u00ed jako spole\u010densk\u00e1 odpov\u011bdnost na podporu onkologick\u00fdch \u00fastav\u016f po cel\u00e9m sv\u011bt\u011b. Jako spole\u010dnost se sna\u017e\u00edme podpo\u0159it n\u00e1\u0161 sen o co nejv\u011bt\u0161\u00ed dostupnosti konop\u00ed a konopn\u00fdch produkt\u016f, uznat v\u00fdznam a s\u00edlu l\u00e9\u010debn\u00e9 marihuany pro pacienty s rakovinou a pomoci tak legalizovat marihuanu v cel\u00e9 Evrop\u011b.<\/p>\n\n\t\t<\/div>\n\t<\/div>\n<\/div><\/div><\/div><\/div><div class=\"vc_row wpb_row vc_row-fluid\"><div class=\"wpb_column vc_column_container vc_col-sm-6\"><div class=\"vc_column-inner\"><div class=\"wpb_wrapper\">\n\t<div class=\"wpb_text_column wpb_content_element\" >\n\t\t<div class=\"wpb_wrapper\">\n\t\t\t<p style=\"text-align: justify;\">Jsme p\u0159esv\u011bd\u010deni, \u017ee ka\u017ed\u00fd \u010cech, kter\u00fd pot\u0159ebuje l\u00e9\u010debnou marihuanu, by k n\u00ed m\u011bl m\u00edt snadn\u00fd p\u0159\u00edstup. Vl\u00e1da nad\u00e1le tvrd\u00ed, \u017ee \"neschvaluje u\u017e\u00edv\u00e1n\u00ed marihuany, ale nejvy\u0161\u0161\u00ed soudy vy\u017eaduj\u00ed p\u0159im\u011b\u0159en\u00fd p\u0159\u00edstup k opr\u00e1vn\u011bn\u00fdm pacient\u016fm\". Chceme ud\u011blat v\u0161e, co je v na\u0161ich sil\u00e1ch, abychom zajistili, \u017ee tito pacienti budou m\u00edt nejlep\u0161\u00ed p\u0159\u00edstup k nejlep\u0161\u00ed l\u00e9\u010debn\u00e9 marihuan\u011b, kterou N\u011bmecko nab\u00edz\u00ed. Nakonec m\u00e1me r\u00e1di kvalitn\u00ed konop\u00ed a v\u0161echny jeho deriv\u00e1ty a r\u00e1di se o n\u011b d\u011bl\u00edme s na\u0161imi z\u00e1kazn\u00edky a p\u0159\u00e1teli, kte\u0159\u00ed je pot\u0159ebuj\u00ed.<\/p>\n\n\t\t<\/div>\n\t<\/div>\n<\/div><\/div><\/div><div class=\"wpb_column vc_column_container vc_col-sm-6\"><div class=\"vc_column-inner\"><div class=\"wpb_wrapper\">\n\t<div  class=\"wpb_single_image wpb_content_element vc_align_right\">\n\t\t\n\t\t<figure class=\"wpb_wrapper vc_figure\">\n\t\t\t<div class=\"vc_single_image-wrapper   vc_box_border_grey\"><img width=\"1100\" height=\"734\" src=\"https:\/\/unkrautmarkt.com\/wp-content\/uploads\/2021\/10\/medical-marijuana.jpg\" class=\"vc_single_image-img attachment-full\" alt=\"medical-marijuana\" decoding=\"async\" title=\"medical-marijuana\" srcset=\"https:\/\/unkrautmarkt.com\/wp-content\/uploads\/2021\/10\/medical-marijuana.jpg 1100w, https:\/\/unkrautmarkt.com\/wp-content\/uploads\/2021\/10\/medical-marijuana-300x200.jpg 300w, https:\/\/unkrautmarkt.com\/wp-content\/uploads\/2021\/10\/medical-marijuana-1024x683.jpg 1024w, https:\/\/unkrautmarkt.com\/wp-content\/uploads\/2021\/10\/medical-marijuana-768x512.jpg 768w, https:\/\/unkrautmarkt.com\/wp-content\/uploads\/2021\/10\/medical-marijuana-340x227.jpg 340w, https:\/\/unkrautmarkt.com\/wp-content\/uploads\/2021\/10\/medical-marijuana-600x400.jpg 600w, https:\/\/unkrautmarkt.com\/wp-content\/uploads\/2021\/10\/medical-marijuana-128x84.jpg 128w, https:\/\/unkrautmarkt.com\/wp-content\/uploads\/2021\/10\/medical-marijuana-125x83.jpg 125w\" sizes=\"(max-width: 1100px) 100vw, 1100px\" \/><\/div>\n\t\t<\/figure>\n\t<\/div>\n<\/div><\/div><\/div><\/div><div data-vc-full-width=\"true\" data-vc-full-width-init=\"false\" class=\"vc_row wpb_row vc_row-fluid vc_custom_1635580645089\"><div class=\"wpb_column vc_column_container vc_col-sm-4 bg-color-gray\"><div class=\"vc_column-inner\"><div class=\"wpb_wrapper\"><ul class=\"ltx-block-icon icons-count-1    vc_custom_1635580549985 ltx-icon-top align-center ltx-icon-type-transparent layout-cols1\"  id=\"like_sc_block_icon_294687318\"><li ><div  data-mh=\"ltx-block-icon-in-1391\" class=\"in matchHeight\"><span class=\"ltx-icon icon-znak\" data-mh=\"ltx-icon-span-like_sc_block_icon_294687318\"><\/span> <h5 class=\"header\"> Kvalitn\u00ed kmeny <\/h5> <div class=\"descr\">Specializujeme se na nab\u00eddku konopn\u00fdch kmen\u016f na\u0161im z\u00e1kazn\u00edk\u016fm, kte\u0159\u00ed nedost\u00e1vaj\u00ed vysoce kvalitn\u00ed kmeny.<\/div><\/div><\/li><\/ul><\/div><\/div><\/div><div class=\"wpb_column vc_column_container vc_col-sm-4 bg-color-gray\"><div class=\"vc_column-inner\"><div class=\"wpb_wrapper\"><ul class=\"ltx-block-icon icons-count-1    vc_custom_1635580562974 ltx-icon-top align-center ltx-icon-type-transparent layout-cols1\"  id=\"like_sc_block_icon_1346545713\"><li ><div  data-mh=\"ltx-block-icon-in-1088\" class=\"in matchHeight\"><span class=\"ltx-icon icon-znak\" data-mh=\"ltx-icon-span-like_sc_block_icon_1346545713\"><\/span> <h5 class=\"header\"> 100% z\u00e1ruka kvality <\/h5> <div class=\"descr\">M\u00e1me 100% origin\u00e1ln\u00ed kvalitn\u00ed produkty a nab\u00edz\u00edme stejn\u00e9 produkty, kter\u00e9 vid\u00edte na na\u0161ich webov\u00fdch str\u00e1nk\u00e1ch.<\/div><\/div><\/li><\/ul><\/div><\/div><\/div><div class=\"wpb_column vc_column_container vc_col-sm-4 bg-color-gray\"><div class=\"vc_column-inner\"><div class=\"wpb_wrapper\"><ul class=\"ltx-block-icon icons-count-1    vc_custom_1635580568096 ltx-icon-top align-center ltx-icon-type-transparent layout-cols1\"  id=\"like_sc_block_icon_668241694\"><li ><div  data-mh=\"ltx-block-icon-in-1592\" class=\"in matchHeight\"><span class=\"ltx-icon icon-znak\" data-mh=\"ltx-icon-span-like_sc_block_icon_668241694\"><\/span> <h5 class=\"header\"> Dod\u00e1n\u00ed do druh\u00e9ho dne <\/h5> <div class=\"descr\">Pro na\u0161e z\u00e1kazn\u00edky v N\u011bmecku jsme schopni doru\u010dit z\u00e1silku do druh\u00e9ho dne.<\/div><\/div><\/li><\/ul><\/div><\/div><\/div><\/div><div class=\"vc_row-full-width vc_clearfix\"><\/div>\n<\/section>","protected":false},"excerpt":{"rendered":"\u00dcber uns Nachdem Unkraut Markt im Jahr 2015 gesehen hatte, wie schwierig es war, Gras online zu kaufen, begann der Traum, das Marihuana und seine Produkte den Unkrautliebhabern n\u00e4her zu bringen. Heute bekannt als die beste Online-Apotheke, der Sie in der Branche vertrauen k\u00f6nnen, spielen wir eine f\u00fchrende Rolle beim Online-Verkauf von Marihuana, Cannabis und Cannabisprodukten. Unkraut Markt hat als CSR Krebsinstitute auf der ganzen Welt zu unterst\u00fctzen. Wir arbeiten als Unternehmen, um unseren Traum zu unterst\u00fctzen, Cannabis und Cannabisprodukte so zug\u00e4nglich wie m\u00f6glich zu machen, um die Bedeutung und Macht von medizinischem Marihuana f\u00fcr Krebspatienten zu erkennen und so bei der Legalisierung von Marihuana in ganz Europa zu helfen. Wir sind der festen \u00dcberzeugung, dass jeder Deutsche, der medizinisches Marihuana ben\u00f6tigt, einfachen Zugang dazu haben sollte. Die Regierung sagt weiterhin, dass sie \u201eden Konsum von Marihuana nicht bef\u00fcrwortet, aber die obersten Gerichte haben angemessenen Zugang zu autorisierten Patienten verlangt\u201c. [...]","protected":false},"author":1,"featured_media":0,"parent":0,"menu_order":0,"comment_status":"closed","ping_status":"closed","template":"page-templates\/full-width.php","meta":{"footnotes":"","_joinchat":[]},"_links":{"self":[{"href":"https:\/\/unkrautmarkt.com\/cs\/wp-json\/wp\/v2\/pages\/7877"}],"collection":[{"href":"https:\/\/unkrautmarkt.com\/cs\/wp-json\/wp\/v2\/pages"}],"about":[{"href":"https:\/\/unkrautmarkt.com\/cs\/wp-json\/wp\/v2\/types\/page"}],"author":[{"embeddable":true,"href":"https:\/\/unkrautmarkt.com\/cs\/wp-json\/wp\/v2\/users\/1"}],"replies":[{"embeddable":true,"href":"https:\/\/unkrautmarkt.com\/cs\/wp-json\/wp\/v2\/comments?post=7877"}],"version-history":[{"count":0,"href":"https:\/\/unkrautmarkt.com\/cs\/wp-json\/wp\/v2\/pages\/7877\/revisions"}],"wp:attachment":[{"href":"https:\/\/unkrautmarkt.com\/cs\/wp-json\/wp\/v2\/media?parent=7877"}],"curies":[{"name":"wp","href":"https:\/\/api.w.org\/{rel}","templated":true}]}}